{"id":1247,"date":"2020-01-07T15:41:45","date_gmt":"2020-01-07T15:41:45","guid":{"rendered":"https:\/\/goldschmiede-kem-u0vqclare3.live-website.com\/?page_id=1247"},"modified":"2022-08-03T12:21:51","modified_gmt":"2022-08-03T12:21:51","slug":"pfandkredit","status":"publish","type":"page","link":"https:\/\/goldschmiede-kempen.de\/?page_id=1247","title":{"rendered":"Pfandleihe"},"content":{"rendered":"\n<p><strong>Attraktiv, ohne gro\u00dfe Formalit\u00e4ten und ohne Schufa \u00dcberpr\u00fcfung -&gt; sofort Bargeld!<\/strong><\/p>\n\n\n\n<p>Der Pfandkredit ist ein unkompliziertes Sofortdarlehen und funktioniert wie folgt:<\/p>\n\n\n\n<p>Sie bringen in unser Gesch\u00e4ft einen werthaltigen Gegenstand vorbei. <\/p>\n\n\n\n<p>Wir begutachten unverbindlich den aktuellen Warenwert. <\/p>\n\n\n\n<p>Innerhalb der vereinbarten Laufzeit haben Sie die M\u00f6glichkeit, w\u00e4hrend unserer \u00d6ffnungszeiten das Pfand einzul\u00f6sen oder zu verl\u00e4ngern.<\/p>\n\n\n\n<p>Nach Ablauf der vereinbarten Laufzeit m\u00fcssen Sie das Pfand ausl\u00f6sen oder verl\u00e4ngern. K\u00f6nnen Sie das nicht, m\u00fcssen  nach gesetzlichen Bestimmungen  die Pf\u00e4nder versteigert werden. Dar\u00fcber werden Sie vorher informiert. <\/p>\n\n\n\n<hr class=\"wp-block-separator\"\/>\n\n\n\n<h3 class=\"has-text-align-center wp-block-heading\">Verordnung \u00fcber den Gesch\u00e4ftsbetrieb der gewerblichen Pfandleiher <br>(Pfandleiherverordnung &#8211; PfandlV)<br>\u00a7 10\u00a0Zinsen und Verg\u00fctung<\/h3>\n\n\n\n<p class=\"has-text-align-center has-black-color has-text-color\">Es gelten die gesetzlichen Vorschriften des Bundesamtes f\u00fcr Justiz: <a href=\"https:\/\/www.gesetze-im-internet.de\/pfandlv\/__10.html\" style=\"color:#990000;\" target=\"_blank\" rel=\"noreferrer noopener\">klick hier<\/a><\/p>\n\n\n\n<p><br><\/p>\n\n\n\n<p><\/p>\n\n\n\n<p><strong>Wie teuer ist ein Pfandkredit?<\/strong><\/p>\n\n\n\n<p>(1)<\/p>\n\n\n\n<p>Der Pfandleiher darf f\u00fcr die Hingabe des Darlehens, f\u00fcr die Kosten seines Gesch\u00e4ftsbetriebs einschlie\u00dflich der Aufbewahrung, der Versicherung und der Sch\u00e4tzung des Wertes des Pfandes sowie f\u00fcr die Kosten der Pfandverwertung h\u00f6chstens fordern, vereinbaren oder sich gew\u00e4hren lassen<\/p>\n\n\n\n<figure class=\"wp-block-table\"><table><tbody><tr><td><\/td><td>&#8211;<\/td><td>f\u00fcr die Hingabe des Darlehens einen monatlichen Zins von eins vom Hundert des Darlehnsbetrags,<\/td><\/tr><tr><td><\/td><td>&#8211;<\/td><td>f\u00fcr die Kosten des Gesch\u00e4ftsbetriebs Verg\u00fctungen gem\u00e4\u00df der Anlage zu dieser Verordnung,<\/td><\/tr><tr><td><\/td><td>&#8211;<\/td><td>die notwendigen Kosten der Verwertung.<\/td><\/tr><\/tbody><\/table><\/figure>\n\n\n\n<p>Wird das Darlehen in Teilbetr\u00e4gen zur\u00fcckgezahlt, sind die Zinsen und die Verg\u00fctungen f\u00fcr die Kosten des Gesch\u00e4ftsbetriebs nach dem noch geschuldeten Teil des Darlehens zu berechnen.<\/p>\n\n\n\n<hr class=\"wp-block-separator\"\/>\n\n\n\n<p>(2)<\/p>\n\n\n\n<p>Kosten des Gesch\u00e4ftsbetriebs im Sinne des Punktes (1) sind nicht:<\/p>\n\n\n\n<figure class=\"wp-block-table\"><table><tbody><tr><td><\/td><td>&#8211;<\/td><td>Pr\u00e4mien f\u00fcr eine auf Verlangen des Verpf\u00e4nders abgeschlossene besondere Versicherung,<\/td><\/tr><tr><td><\/td><td>&#8211;<\/td><td>Kosten eines Gutachtens \u00fcber den Wert des Pfandes.<\/td><\/tr><\/tbody><\/table><\/figure>\n\n\n\n<hr class=\"wp-block-separator\"\/>\n\n\n\n<p><\/p>\n\n\n\n<p>(3) <\/p>\n\n\n\n<p>Der Pfandleiher darf sich die in Punkt 1 genannten Leistungen nicht im voraus gew\u00e4hren lassen.<\/p>\n\n\n\n<hr class=\"wp-block-separator\"\/>\n\n\n\n<p><\/p>\n\n\n\n<p>(4) <\/p>\n\n\n\n<p>Soweit nach Punkt 1 Zinsen und Verg\u00fctungen nach Monaten berechnet werden, gilt folgendes: <\/p>\n\n\n\n<figure class=\"wp-block-table\"><table><tbody><tr><td><\/td><td>&#8211;<\/td><td>Der Tag der Hingabe des Darlehens darf nur mitgerechnet werden, wenn das Darlehen an diesem Tag zur\u00fcckgezahlt wird,<\/td><\/tr><tr><td><\/td><td>&#8211;<\/td><td>ein angefangener Monat darf als voller Monat gerechnet werden.<\/td><\/tr><\/tbody><\/table><\/figure>\n\n\n\n<hr class=\"wp-block-separator\"\/>\n\n\n\n<p><\/p>\n\n\n\n<p>(5) <\/p>\n\n\n\n<p>Werden mehrere Pf\u00e4nder gleichzeitig verwertet, so sind die nicht ausscheidbaren notwendigen Kosten der Verwertung (Punkt 1, dritter Aufz\u00e4hlungspunkt) im Verh\u00e4ltnis des Gesamterl\u00f6ses zum Erl\u00f6s f\u00fcr das einzelne Pfand aufzuteilen.<\/p>\n\n\n\n<hr class=\"wp-block-separator\"\/>\n\n\n\n<p><\/p>\n\n\n\n<h3 class=\"has-text-align-center wp-block-heading\">Verordnung \u00fcber den Gesch\u00e4ftsbetrieb der gewerblichen Pfandleiher <br>(Pfandleiherverordnung &#8211; PfandlV)<br>Anlage\u00a0(zu \u00a7 10 Abs. 1 Nr. 2)<\/h3>\n\n\n\n<p class=\"has-text-align-center\">Es gelten die gesetzlichen Vorschriften des Bundesamtes f\u00fcr Justiz: <a href=\"https:\/\/www.gesetze-im-internet.de\/pfandlv\/anlage.html\" target=\"_blank\" rel=\"noreferrer noopener\" style=\"color:#990000;\">klick hier<\/a><\/p>\n\n\n\n<hr class=\"wp-block-separator\"\/>\n\n\n\n<p>F\u00fcr die Kosten des Gesch\u00e4ftsbetriebs darf der Pfandleiher h\u00f6chstens fordern, vereinbaren oder sich gew\u00e4hren lassen<\/p>\n\n\n\n<p>(1) <\/p>\n\n\n\n<p>eine monatliche Verg\u00fctung von<\/p>\n\n\n\n<figure class=\"wp-block-table is-style-stripes\"><table><tbody><tr><td class=\"has-text-align-center\" data-align=\"center\">1,00 EUR<\/td><td class=\"has-text-align-center\" data-align=\"center\">bei einem Darlehen bis einschlie\u00dflich<\/td><td class=\"has-text-align-center\" data-align=\"center\">15,00 EUR<\/td><\/tr><tr><td class=\"has-text-align-center\" data-align=\"center\">1,50 EUR<\/td><td class=\"has-text-align-center\" data-align=\"center\">bei einem Darlehen bis einschlie\u00dflich<\/td><td class=\"has-text-align-center\" data-align=\"center\">30,00 EUR<\/td><\/tr><tr><td class=\"has-text-align-center\" data-align=\"center\">2,00 EUR<\/td><td class=\"has-text-align-center\" data-align=\"center\">bei einem Darlehen bis einschlie\u00dflich<\/td><td class=\"has-text-align-center\" data-align=\"center\">50,00 EUR<\/td><\/tr><tr><td class=\"has-text-align-center\" data-align=\"center\">2,50 EUR<\/td><td class=\"has-text-align-center\" data-align=\"center\">bei einem Darlehen bis einschlie\u00dflich<\/td><td class=\"has-text-align-center\" data-align=\"center\">100,00 EUR<\/td><\/tr><tr><td class=\"has-text-align-center\" data-align=\"center\">3,50 EUR<\/td><td class=\"has-text-align-center\" data-align=\"center\">bei einem Darlehen bis einschlie\u00dflich<\/td><td class=\"has-text-align-center\" data-align=\"center\">150,00 EUR<\/td><\/tr><tr><td class=\"has-text-align-center\" data-align=\"center\">4,50 EUR<\/td><td class=\"has-text-align-center\" data-align=\"center\">bei einem Darlehen bis einschlie\u00dflich<\/td><td class=\"has-text-align-center\" data-align=\"center\">200,00 EUR<\/td><\/tr><tr><td class=\"has-text-align-center\" data-align=\"center\">5,50 EUR<\/td><td class=\"has-text-align-center\" data-align=\"center\">bei einem Darlehen bis einschlie\u00dflich<\/td><td class=\"has-text-align-center\" data-align=\"center\">250,00 EUR<\/td><\/tr><tr><td class=\"has-text-align-center\" data-align=\"center\">6,50 EUR<\/td><td class=\"has-text-align-center\" data-align=\"center\">bei einem Darlehen bis einschlie\u00dflich<\/td><td class=\"has-text-align-center\" data-align=\"center\">300,00 EUR<\/td><\/tr><\/tbody><\/table><\/figure>\n\n\n\n<p>Bei einem Darlehen, das den Betrag von 300 Euro \u00fcbersteigt, unterliegt die monatliche Verg\u00fctung der freien Vereinbarung.<\/p>\n\n\n\n<hr class=\"wp-block-separator\"\/>\n\n\n\n<p>(2)<\/p>\n\n\n\n<p>Neben der in Punkt 1 genannten monatlichen Verg\u00fctung kann f\u00fcr die Aufbewahrung, Pflege und Versicherung von Fahrr\u00e4dern mit Hilfsmotor, Kleinkraftr\u00e4dern, Kraftr\u00e4dern mit und ohne Beiwagen, Kraftwagen, Zugmaschinen und Kraftfahrzeuganh\u00e4ngern eine t\u00e4gliche Verg\u00fctung vereinbart werden.<\/p>\n\n\n\n<hr class=\"wp-block-separator\"\/>\n\n\n<p style=\"text-align: center;\">Mehr Informationen zum Ablauf eines Pfandkredits erhalten Sie auf der Webseite des Zentralverbandes des Deutschen Pfandkreditgewerbes auf <span style=\"color: #993300;\"><a style=\"color: #993300;\" href=\"https:\/\/www.pfandkredit.org\/pfandkredit\/\" target=\"_blank\" rel=\"noreferrer noopener\" aria-label=\"www.pfandkredit.org (\u00f6ffnet in neuem Tab)\">www.pfandkredit.org<\/a><\/span><\/p>\n\n\n<hr class=\"wp-block-separator\"\/>\n\n\n\n<div class=\"wp-block-image\"><figure class=\"aligncenter size-large\"><a href=\"https:\/\/www.pfandkredit.org\/\" target=\"_blank\" rel=\"noreferrer noopener\"><img loading=\"lazy\" decoding=\"async\" width=\"101\" height=\"113\" src=\"https:\/\/goldschmiede-kem-u0vqclare3.live-website.com\/wp-content\/uploads\/2020\/05\/logo_zentralverband_gross-1.jpg\" alt=\"\" class=\"wp-image-1762\"\/><\/a><\/figure><\/div>\n\n\n\n<p class=\"has-text-align-center\"><a href=\"https:\/\/www.pfandkredit.org\/\" target=\"_blank\" rel=\"noreferrer noopener\" aria-label=\" Zentralverband des Deutschen Pfandkreditgewerbes e.V.  (\u00f6ffnet in neuem Tab)\" style=\"color:#e60a2e;\"> Zentralverband des Deutschen Pfandkreditgewerbes e.V. <\/a><\/p>\n","protected":false},"excerpt":{"rendered":"<p>Attraktiv, ohne gro\u00dfe Formalit\u00e4ten und ohne Schufa \u00dcberpr\u00fcfung -&gt; sofort Bargeld! Der Pfandkredit ist ein unkompliziertes Sofortdarlehen und funktioniert wie folgt: Sie bringen in unser Gesch\u00e4ft einen werthaltigen Gegenstand vorbei. Wir begutachten unverbindlich den aktuellen Warenwert. Innerhalb der vereinbarten Laufzeit haben Sie die M\u00f6glichkeit, w\u00e4hrend unserer \u00d6ffnungszeiten das Pfand einzul\u00f6sen oder zu verl\u00e4ngern. Nach Ablauf &hellip; <\/p>\n<p class=\"link-more\"><a href=\"https:\/\/goldschmiede-kempen.de\/?page_id=1247\" class=\"more-link\"><span class=\"screen-reader-text\">\u201ePfandleihe\u201c<\/span> weiterlesen<\/a><\/p>\n","protected":false},"author":1,"featured_media":0,"parent":0,"menu_order":0,"comment_status":"closed","ping_status":"closed","template":"","meta":{"_monsterinsights_skip_tracking":false,"_monsterinsights_sitenote_active":false,"_monsterinsights_sitenote_note":"","_monsterinsights_sitenote_category":0,"footnotes":""},"class_list":["post-1247","page","type-page","status-publish","hentry"],"_links":{"self":[{"href":"https:\/\/goldschmiede-kempen.de\/index.php?rest_route=\/wp\/v2\/pages\/1247","targetHints":{"allow":["GET"]}}],"collection":[{"href":"https:\/\/goldschmiede-kempen.de\/index.php?rest_route=\/wp\/v2\/pages"}],"about":[{"href":"https:\/\/goldschmiede-kempen.de\/index.php?rest_route=\/wp\/v2\/types\/page"}],"author":[{"embeddable":true,"href":"https:\/\/goldschmiede-kempen.de\/index.php?rest_route=\/wp\/v2\/users\/1"}],"replies":[{"embeddable":true,"href":"https:\/\/goldschmiede-kempen.de\/index.php?rest_route=%2Fwp%2Fv2%2Fcomments&post=1247"}],"version-history":[{"count":45,"href":"https:\/\/goldschmiede-kempen.de\/index.php?rest_route=\/wp\/v2\/pages\/1247\/revisions"}],"predecessor-version":[{"id":2480,"href":"https:\/\/goldschmiede-kempen.de\/index.php?rest_route=\/wp\/v2\/pages\/1247\/revisions\/2480"}],"wp:attachment":[{"href":"https:\/\/goldschmiede-kempen.de\/index.php?rest_route=%2Fwp%2Fv2%2Fmedia&parent=1247"}],"curies":[{"name":"wp","href":"https:\/\/api.w.org\/{rel}","templated":true}]}}