{"id":126,"date":"2018-09-06T12:21:46","date_gmt":"2018-09-06T12:21:46","guid":{"rendered":"https:\/\/goldschmiede-kem-u0vqclare3.live-website.com\/?page_id=126"},"modified":"2025-07-16T09:56:23","modified_gmt":"2025-07-16T09:56:23","slug":"impressum","status":"publish","type":"page","link":"https:\/\/goldschmiede-kempen.de\/?page_id=126","title":{"rendered":"Impressum"},"content":{"rendered":"<p>Zimmermann Edelmetalle GmbH<br \/>\nButtermarkt 12<br \/>\n47906 Kempen<br \/>\nUSt-ID: DE455140546<\/p>\n<div class=\"elementToProof\">Registergericht Amtsgericht Krefeld, HRB 21083<\/div>\n<div><\/div>\n<div>Alleine vertreten durch die gesch\u00e4ftsf\u00fchrende Gesellschafterin:<\/div>\n<div><\/div>\n<div>Heike Zimmermann<\/div>\n<div><\/div>\n<div>Gemeinschaftlich vertreten durch die Gesch\u00e4ftsf\u00fchrer\/innen:<\/div>\n<div><\/div>\n<div>Andreas Zimmermann<br \/>\nCarmen Zimmermann<\/div>\n<div>Victoria Zimmermann<\/div>\n<div class=\"elementToProof\"><\/div>\n<p>Telefon: 02152 &#8211; 910 51 91<\/p>\n<p>Urheberrecht<\/p>\n<p>Copyright \u00a9 2025 Zimmermann Edelmetalle GmbH. Alle Rechte sind vorbehalten.<\/p>\n<p>Die Inhalte der Webseite www.goldschmiede-kempen.de sind urheberrechtlich gesch\u00fctzt. Eine Vervielf\u00e4ltigung (z. B. Fotokopie, Mikrofilm oder andere Verfahren), Verbreitung oder Verarbeitung durch elektronische Systeme ohne schriftliche Genehmigung von Heike Zimmermann ist in jeglicher Form untersagt. Ausnahme w\u00e4re lediglich ein ausdr\u00fccklicher, gegenteiliger Vermerk.<\/p>\n<p>Der Nutzung von im Rahmen der Impressumspflicht ver\u00f6ffentlichten Kontaktdaten durch Dritte zur \u00dcbersendung von nicht ausdr\u00fccklich angeforderter Werbung und Informationsmaterialien sowie Verarbeitung in jeglicher Form wird hiermit ausdr\u00fccklich widersprochen. Wir behalten uns ausdr\u00fccklich rechtliche Schritte im Falle der unverlangten Zusendung von Werbeinformationen oder Publikation der Impressumsdaten auf anderen Webseiten bzw. in Suchmaschinen, etwa durch Spam-Mails, vor.<\/p>\n<p>Haftungsausschluss<\/p>\n<p>Diese Webseite befindet sich auf dem tempor\u00e4ren Stand eines kontinuierlichen Arbeitsprozesses. Die Heike Zimmermann \u00fcbernimmt trotz gr\u00f6\u00dftm\u00f6glicher Sorgfalt bei der Zusammenstellung aller auf der Site enthaltenen Informationen keine Gew\u00e4hr f\u00fcr deren Aktualit\u00e4t, Richtigkeit oder Vollst\u00e4ndigkeit. Dies gilt ebenso f\u00fcr s\u00e4mtliche Links und indirekte Verweise auf andere Webseiten, f\u00fcr deren Inhalte Heike Zimmermann nicht verantwortlich ist.<\/p>\n<p>Heike Zimmermann kann nicht f\u00fcr etwaige Sch\u00e4den bzw. Folgesch\u00e4den jeglicher Art haftbar gemacht werden, die durch die direkte oder indirekte Nutzung der auf der Site enthaltenen Informationen entstehen, einschlie\u00dflich entgangenen Gewinns oder Sch\u00e4den, die aus einen Datenverlust zur\u00fcckzuf\u00fchren sind.<\/p>\n<p>Wir behalten uns \u00c4nderungen in den dargestellten Informationen ohne vorherige Ank\u00fcndigung vor. Alle Angebote sind freibleibend und unverbindlich.<\/p>\n<p>Marken- und Warenzeichen<\/p>\n<p>Alle auf dieser Webseite genannten bzw. gezeigten Marken- und Warenzeichen unterliegen uneingeschr\u00e4nkt den Bestimmungen des jeweils g\u00fcltigen Kennzeichnungsrechtes und gegebenenfalls den Besitzrechten der jeweiligen eingetragenen Eigent\u00fcmer.<\/p>\n","protected":false},"excerpt":{"rendered":"<p>Zimmermann Edelmetalle GmbH Buttermarkt 12 47906 Kempen USt-ID: DE455140546 Registergericht Amtsgericht Krefeld, HRB 21083 Alleine vertreten durch die gesch\u00e4ftsf\u00fchrende Gesellschafterin: Heike Zimmermann Gemeinschaftlich vertreten durch die Gesch\u00e4ftsf\u00fchrer\/innen: Andreas Zimmermann Carmen Zimmermann Victoria Zimmermann Telefon: 02152 &#8211; 910 51 91 Urheberrecht Copyright \u00a9 2025 Zimmermann Edelmetalle GmbH. Alle Rechte sind vorbehalten. Die Inhalte der Webseite www.goldschmiede-kempen.de &hellip; <\/p>\n<p class=\"link-more\"><a href=\"https:\/\/goldschmiede-kempen.de\/?page_id=126\" class=\"more-link\"><span class=\"screen-reader-text\">\u201eImpressum\u201c<\/span> weiterlesen<\/a><\/p>\n","protected":false},"author":1,"featured_media":0,"parent":0,"menu_order":0,"comment_status":"closed","ping_status":"closed","template":"","meta":{"_monsterinsights_skip_tracking":false,"_monsterinsights_sitenote_active":false,"_monsterinsights_sitenote_note":"","_monsterinsights_sitenote_category":0,"footnotes":""},"class_list":["post-126","page","type-page","status-publish","hentry"],"_links":{"self":[{"href":"https:\/\/goldschmiede-kempen.de\/index.php?rest_route=\/wp\/v2\/pages\/126","targetHints":{"allow":["GET"]}}],"collection":[{"href":"https:\/\/goldschmiede-kempen.de\/index.php?rest_route=\/wp\/v2\/pages"}],"about":[{"href":"https:\/\/goldschmiede-kempen.de\/index.php?rest_route=\/wp\/v2\/types\/page"}],"author":[{"embeddable":true,"href":"https:\/\/goldschmiede-kempen.de\/index.php?rest_route=\/wp\/v2\/users\/1"}],"replies":[{"embeddable":true,"href":"https:\/\/goldschmiede-kempen.de\/index.php?rest_route=%2Fwp%2Fv2%2Fcomments&post=126"}],"version-history":[{"count":12,"href":"https:\/\/goldschmiede-kempen.de\/index.php?rest_route=\/wp\/v2\/pages\/126\/revisions"}],"predecessor-version":[{"id":2597,"href":"https:\/\/goldschmiede-kempen.de\/index.php?rest_route=\/wp\/v2\/pages\/126\/revisions\/2597"}],"wp:attachment":[{"href":"https:\/\/goldschmiede-kempen.de\/index.php?rest_route=%2Fwp%2Fv2%2Fmedia&parent=126"}],"curies":[{"name":"wp","href":"https:\/\/api.w.org\/{rel}","templated":true}]}}