{"id":1355,"date":"2020-01-09T10:20:56","date_gmt":"2020-01-09T10:20:56","guid":{"rendered":"https:\/\/goldschmiede-kem-u0vqclare3.live-website.com\/?page_id=1355"},"modified":"2024-01-02T20:38:51","modified_gmt":"2024-01-02T20:38:51","slug":"goldankauf","status":"publish","type":"page","link":"https:\/\/goldschmiede-kempen.de\/?page_id=1355","title":{"rendered":"Goldankauf"},"content":{"rendered":"\n<p> Aktueller Goldkurs <\/p>\n\n\n\n<html>\n\t<head>\n\t\t<script type=\"text\/javascript\" src=\"https:\/\/gold.bullionvault.de\/chart\/bullionvaultchart.js\" ><\/script>\n\t\t<script type=\"text\/javascript\" >\n\t\t\tvar options = {\n\t\t\t\tbullion: 'gold',\n\t\t\t\tcurrency: 'EUR',\n\t\t\t\ttimeframe: '1w',\n\t\t\t\tchartType: 'line',\n\t\t\t\tminiChartModeAxis : 'oz',\n\t\t\t\treferrerID: 'MEINBENUTZERNAME',\n\t\t\t\tcontainerDefinedSize: true,\n\t\t\t\tminiChartMode: false,\n\t\t\t\tdisplayLatestPriceLine: true,\n\t\t\t\tswitchBullion: true,\n\t\t\t\tswitchCurrency: true,\n\t\t\t\tswitchTimeframe: true,\n\t\t\t\tswitchChartType: true,\n\t\t\t\texportButton: true\n\t\t\t};\n\t\t\tvar chartBV = new BullionVaultChart(options, 'embed');\n\t\t<\/script>\n\t<\/head>\n\t<body>\n\t<div id=\"embed\" style=\"height: 320px; width: 480px; \"><\/div>\n\t<\/body>\n\t<\/html>\n\n\n\n<p><\/p>\n\n\n\n<p>Durch den steigenden Goldpreis stellen Juweliere und  Schmuckfachgesch\u00e4fte beim Goldankauf eine Zunahme fest. Fakt ist, dass in deutschen  Schmuckk\u00e4sten  Milliardenwerte  schlummern, die von ihren Besitzern nicht mehr getragen  werden.<\/p>\n\n\n\n<p>Wer sein Altgold  nun zu Geld machen will, hat beim Verkauf einiges zu beachten. So  m\u00fcssen Sie unbedingt als Verk\u00e4ufer ihren Personalausweis zum Verkauf mitbringen. Denn als H\u00e4ndler m\u00fcssen wir Ihre Identit\u00e4t festhalten. Das ist gesetzlich vorgeschrieben. Alles Andere ist unseri\u00f6s.<\/p>\n\n\n\n<p>Wenn Sie dann noch etwas Zeit mitbringen, kann ich Ihre Wertsachen gerne und unverbindlich pr\u00fcfen bzw. dessen Wert ermitteln.<\/p>\n\n\n\n<p>Dabei wird jedes Schmuckst\u00fcck einzeln im Beisein des Kunden begutachtet und Edelsteine, die nicht in die Bewertung fallen k\u00f6nnen, werden dem Kunden wieder ausgeh\u00e4ndigt. Vertrauen Sie dabei nur dem Fachmann.<\/p>\n\n\n\n<p>Falls Sie R\u00fcckfragen hierzu haben, rufen Sie mich gerne an:<\/p>\n\n\n\n<p>Telefon: 02152 &#8211; 910 51 91<\/p>\n","protected":false},"excerpt":{"rendered":"<p>Aktueller Goldkurs Durch den steigenden Goldpreis stellen Juweliere und Schmuckfachgesch\u00e4fte beim Goldankauf eine Zunahme fest. Fakt ist, dass in deutschen Schmuckk\u00e4sten Milliardenwerte schlummern, die von ihren Besitzern nicht mehr getragen werden. Wer sein Altgold nun zu Geld machen will, hat beim Verkauf einiges zu beachten. So m\u00fcssen Sie unbedingt als Verk\u00e4ufer ihren Personalausweis zum Verkauf &hellip; <\/p>\n<p class=\"link-more\"><a href=\"https:\/\/goldschmiede-kempen.de\/?page_id=1355\" class=\"more-link\"><span class=\"screen-reader-text\">\u201eGoldankauf\u201c<\/span> weiterlesen<\/a><\/p>\n","protected":false},"author":1,"featured_media":0,"parent":0,"menu_order":0,"comment_status":"closed","ping_status":"closed","template":"","meta":{"_monsterinsights_skip_tracking":false,"_monsterinsights_sitenote_active":false,"_monsterinsights_sitenote_note":"","_monsterinsights_sitenote_category":0,"footnotes":""},"class_list":["post-1355","page","type-page","status-publish","hentry"],"_links":{"self":[{"href":"https:\/\/goldschmiede-kempen.de\/index.php?rest_route=\/wp\/v2\/pages\/1355","targetHints":{"allow":["GET"]}}],"collection":[{"href":"https:\/\/goldschmiede-kempen.de\/index.php?rest_route=\/wp\/v2\/pages"}],"about":[{"href":"https:\/\/goldschmiede-kempen.de\/index.php?rest_route=\/wp\/v2\/types\/page"}],"author":[{"embeddable":true,"href":"https:\/\/goldschmiede-kempen.de\/index.php?rest_route=\/wp\/v2\/users\/1"}],"replies":[{"embeddable":true,"href":"https:\/\/goldschmiede-kempen.de\/index.php?rest_route=%2Fwp%2Fv2%2Fcomments&post=1355"}],"version-history":[{"count":10,"href":"https:\/\/goldschmiede-kempen.de\/index.php?rest_route=\/wp\/v2\/pages\/1355\/revisions"}],"predecessor-version":[{"id":1427,"href":"https:\/\/goldschmiede-kempen.de\/index.php?rest_route=\/wp\/v2\/pages\/1355\/revisions\/1427"}],"wp:attachment":[{"href":"https:\/\/goldschmiede-kempen.de\/index.php?rest_route=%2Fwp%2Fv2%2Fmedia&parent=1355"}],"curies":[{"name":"wp","href":"https:\/\/api.w.org\/{rel}","templated":true}]}}