{"id":1378,"date":"2020-01-09T10:44:22","date_gmt":"2020-01-09T10:44:22","guid":{"rendered":"https:\/\/goldschmiede-kem-u0vqclare3.live-website.com\/?page_id=1378"},"modified":"2020-01-13T12:29:35","modified_gmt":"2020-01-13T12:29:35","slug":"expertisen","status":"publish","type":"page","link":"https:\/\/goldschmiede-kempen.de\/?page_id=1378","title":{"rendered":"Expertisen"},"content":{"rendered":"\n<p><strong>Ihr Vertrauen ist mir besonders wichtig!<\/strong><\/p>\n\n\n\n<p>Mit meinem Erfahrungsschatz m\u00f6chte ich Sie langzeitlich und seri\u00f6s beraten.<\/p>\n\n\n\n<ul class=\"wp-block-list\"><li>Sie  haben Fragen zu der Echtheit von Edelsteinen, Perlen oder Uhren?  <\/li><li>Sie ben\u00f6tigen f\u00fcr Ihre Versicherung eine Wertsch\u00e4tzung? <\/li><li>Sie haben  Schmuckst\u00fccke geerbt oder diese sind lange in Ihrem Besitz und m\u00f6chten den  aktuellen Zeitwert ermitteln?<\/li><\/ul>\n\n\n\n<p>Ich erstelle eine umfangreiche Expertise und helfe Ihnen den aktuellen Wert zu  ermitteln. <\/p>\n\n\n\n<p>Meine Kunden wissen es zu sch\u00e4tzen, dass ich  das Edelmetall sowie Altgold  bei Bedarf zu fairen Konditionen ankaufe. <\/p>\n\n\n\n<p>Vereinbaren Sie gerne unverbindlich einen Termin mit  mir und bringen Sie Ihre kostbaren Wertsachen vorbei.<\/p>\n\n\n\n<p>Telefon: 02152 &#8211; 910 51 91<\/p>\n","protected":false},"excerpt":{"rendered":"<p>Ihr Vertrauen ist mir besonders wichtig! Mit meinem Erfahrungsschatz m\u00f6chte ich Sie langzeitlich und seri\u00f6s beraten. Sie haben Fragen zu der Echtheit von Edelsteinen, Perlen oder Uhren? Sie ben\u00f6tigen f\u00fcr Ihre Versicherung eine Wertsch\u00e4tzung? Sie haben Schmuckst\u00fccke geerbt oder diese sind lange in Ihrem Besitz und m\u00f6chten den aktuellen Zeitwert ermitteln? Ich erstelle eine umfangreiche &hellip; <\/p>\n<p class=\"link-more\"><a href=\"https:\/\/goldschmiede-kempen.de\/?page_id=1378\" class=\"more-link\"><span class=\"screen-reader-text\">\u201eExpertisen\u201c<\/span> weiterlesen<\/a><\/p>\n","protected":false},"author":1,"featured_media":0,"parent":0,"menu_order":0,"comment_status":"closed","ping_status":"closed","template":"","meta":{"_monsterinsights_skip_tracking":false,"_monsterinsights_sitenote_active":false,"_monsterinsights_sitenote_note":"","_monsterinsights_sitenote_category":0,"footnotes":""},"class_list":["post-1378","page","type-page","status-publish","hentry"],"_links":{"self":[{"href":"https:\/\/goldschmiede-kempen.de\/index.php?rest_route=\/wp\/v2\/pages\/1378","targetHints":{"allow":["GET"]}}],"collection":[{"href":"https:\/\/goldschmiede-kempen.de\/index.php?rest_route=\/wp\/v2\/pages"}],"about":[{"href":"https:\/\/goldschmiede-kempen.de\/index.php?rest_route=\/wp\/v2\/types\/page"}],"author":[{"embeddable":true,"href":"https:\/\/goldschmiede-kempen.de\/index.php?rest_route=\/wp\/v2\/users\/1"}],"replies":[{"embeddable":true,"href":"https:\/\/goldschmiede-kempen.de\/index.php?rest_route=%2Fwp%2Fv2%2Fcomments&post=1378"}],"version-history":[{"count":9,"href":"https:\/\/goldschmiede-kempen.de\/index.php?rest_route=\/wp\/v2\/pages\/1378\/revisions"}],"predecessor-version":[{"id":1451,"href":"https:\/\/goldschmiede-kempen.de\/index.php?rest_route=\/wp\/v2\/pages\/1378\/revisions\/1451"}],"wp:attachment":[{"href":"https:\/\/goldschmiede-kempen.de\/index.php?rest_route=%2Fwp%2Fv2%2Fmedia&parent=1378"}],"curies":[{"name":"wp","href":"https:\/\/api.w.org\/{rel}","templated":true}]}}