{"id":1490,"date":"2020-01-29T11:51:49","date_gmt":"2020-01-29T11:51:49","guid":{"rendered":"https:\/\/goldschmiede-kem-u0vqclare3.live-website.com\/?page_id=1490"},"modified":"2020-01-29T12:05:29","modified_gmt":"2020-01-29T12:05:29","slug":"trauringe","status":"publish","type":"page","link":"https:\/\/goldschmiede-kempen.de\/?page_id=1490","title":{"rendered":"Trauringe"},"content":{"rendered":"\n<p>In unserem Fachgesch\u00e4ft in der Kempener Allstadt gehen wir mit Ihnen gemeinsam in nur wenigen Schritten unser umfassendes Trauring Sortiment durch. Wir nehmen uns Zeit f\u00fcr Sie \u2013 mit individueller Beratung in pers\u00f6nlicher Atmosph\u00e4re.<\/p>\n\n\n\n<p>Die Beratung umfasst:<\/p>\n\n\n\n<p>     &#8211; die Ringr\u00f6\u00dfe, <br>     &#8211; ob klassisch, gew\u00f6lbt oder klare Linien, <br>     &#8211; schmal bzw. breite Ringe,  <br>     &#8211; Auswahl an Legierungen: Wei\u00dfgold, Gelbgold, Ros\u00e9gold, Rotgold, Platin oder Bicolor<br>     &#8211; gl\u00e4nzend oder matt<br>     &#8211; mit Gravur und\/oder Brillanten geschm\u00fcckt<\/p>\n\n\n\n<p>Ihre Eheringe werden nach Ihren individuellen W\u00fcnschen  zusammengestellt. Gerne auch f\u00fcr Sie handgefertigt. <\/p>\n\n\n\n<p><\/p>\n\n\n\n<p><strong>Exklusiv f\u00fcr bei uns erborbene Trauringe:<\/strong><\/p>\n\n\n\n<p>Innerhalb eines Jahres frischen wir kostenfrei Ihre Trauringe auf: <br>Wir polieren  bzw. mattieren die Oberfl\u00e4che und stellen den Glanz von  Diamanten wieder her. <\/p>\n","protected":false},"excerpt":{"rendered":"<p>In unserem Fachgesch\u00e4ft in der Kempener Allstadt gehen wir mit Ihnen gemeinsam in nur wenigen Schritten unser umfassendes Trauring Sortiment durch. Wir nehmen uns Zeit f\u00fcr Sie \u2013 mit individueller Beratung in pers\u00f6nlicher Atmosph\u00e4re. Die Beratung umfasst: &#8211; die Ringr\u00f6\u00dfe, &#8211; ob klassisch, gew\u00f6lbt oder klare Linien, &#8211; schmal bzw. breite Ringe, &#8211; Auswahl an &hellip; <\/p>\n<p class=\"link-more\"><a href=\"https:\/\/goldschmiede-kempen.de\/?page_id=1490\" class=\"more-link\"><span class=\"screen-reader-text\">\u201eTrauringe\u201c<\/span> weiterlesen<\/a><\/p>\n","protected":false},"author":1,"featured_media":0,"parent":0,"menu_order":0,"comment_status":"closed","ping_status":"closed","template":"","meta":{"_monsterinsights_skip_tracking":false,"_monsterinsights_sitenote_active":false,"_monsterinsights_sitenote_note":"","_monsterinsights_sitenote_category":0,"footnotes":""},"class_list":["post-1490","page","type-page","status-publish","hentry"],"_links":{"self":[{"href":"https:\/\/goldschmiede-kempen.de\/index.php?rest_route=\/wp\/v2\/pages\/1490","targetHints":{"allow":["GET"]}}],"collection":[{"href":"https:\/\/goldschmiede-kempen.de\/index.php?rest_route=\/wp\/v2\/pages"}],"about":[{"href":"https:\/\/goldschmiede-kempen.de\/index.php?rest_route=\/wp\/v2\/types\/page"}],"author":[{"embeddable":true,"href":"https:\/\/goldschmiede-kempen.de\/index.php?rest_route=\/wp\/v2\/users\/1"}],"replies":[{"embeddable":true,"href":"https:\/\/goldschmiede-kempen.de\/index.php?rest_route=%2Fwp%2Fv2%2Fcomments&post=1490"}],"version-history":[{"count":9,"href":"https:\/\/goldschmiede-kempen.de\/index.php?rest_route=\/wp\/v2\/pages\/1490\/revisions"}],"predecessor-version":[{"id":1502,"href":"https:\/\/goldschmiede-kempen.de\/index.php?rest_route=\/wp\/v2\/pages\/1490\/revisions\/1502"}],"wp:attachment":[{"href":"https:\/\/goldschmiede-kempen.de\/index.php?rest_route=%2Fwp%2Fv2%2Fmedia&parent=1490"}],"curies":[{"name":"wp","href":"https:\/\/api.w.org\/{rel}","templated":true}]}}