{"id":2,"date":"2016-05-10T03:48:21","date_gmt":"2016-05-10T03:48:21","guid":{"rendered":"https:\/\/goldschmiede-kem-u0vqclare3.live-website.com\/?page_id=2"},"modified":"2023-10-23T21:27:40","modified_gmt":"2023-10-23T21:27:40","slug":"sample-page","status":"publish","type":"page","link":"https:\/\/goldschmiede-kempen.de\/?page_id=2","title":{"rendered":"Goldschmiede"},"content":{"rendered":"<p>Ich hei\u00dfe Sie herzlich Willkommen auf meiner Webseite und m\u00f6chte mich gerne vorstellen:<\/p>\n<p>Ich bin geboren am 10.07.1969 in M\u00f6nchengladbach. Nach meiner Ausbildung in D\u00fcsseldorf absolvierte ich im Jahre 1991 die Pr\u00fcfung zur Goldschmiedin. Es folgten 4 Jahre in einem Goldschmiede Atelier in M\u00f6nchengladbach sowie 3 weitere Jahre in Funktion als Werkstattleitung in einem Antikschmuck Gro\u00dfhandel in Krefeld.<\/p>\n<p>Parallel dazu entschlo\u00df ich mich zu meiner Selbstst\u00e4ndigkeit als Goldschmiedin. Ich bin verheiratet, habe 3 Kinder und habe w\u00e4hrend der Erziehungszeit eine eigene Goldschmiede-Werkstatt zu Hause betrieben. Seit Anfang 2012 f\u00fchre ich mein Gesch\u00e4ft in der Kempener Altstadt.<\/p>\n","protected":false},"excerpt":{"rendered":"<p>Ich hei\u00dfe Sie herzlich Willkommen auf meiner Webseite und m\u00f6chte mich gerne vorstellen: Ich bin geboren am 10.07.1969 in M\u00f6nchengladbach. Nach meiner Ausbildung in D\u00fcsseldorf absolvierte ich im Jahre 1991 die Pr\u00fcfung zur Goldschmiedin. Es folgten 4 Jahre in einem Goldschmiede Atelier in M\u00f6nchengladbach sowie 3 weitere Jahre in Funktion als Werkstattleitung in einem Antikschmuck &hellip; <\/p>\n<p class=\"link-more\"><a href=\"https:\/\/goldschmiede-kempen.de\/?page_id=2\" class=\"more-link\"><span class=\"screen-reader-text\">\u201eGoldschmiede\u201c<\/span> weiterlesen<\/a><\/p>\n","protected":false},"author":1,"featured_media":0,"parent":0,"menu_order":0,"comment_status":"closed","ping_status":"closed","template":"","meta":{"_monsterinsights_skip_tracking":false,"_monsterinsights_sitenote_active":false,"_monsterinsights_sitenote_note":"","_monsterinsights_sitenote_category":0,"footnotes":""},"class_list":["post-2","page","type-page","status-publish","hentry"],"_links":{"self":[{"href":"https:\/\/goldschmiede-kempen.de\/index.php?rest_route=\/wp\/v2\/pages\/2","targetHints":{"allow":["GET"]}}],"collection":[{"href":"https:\/\/goldschmiede-kempen.de\/index.php?rest_route=\/wp\/v2\/pages"}],"about":[{"href":"https:\/\/goldschmiede-kempen.de\/index.php?rest_route=\/wp\/v2\/types\/page"}],"author":[{"embeddable":true,"href":"https:\/\/goldschmiede-kempen.de\/index.php?rest_route=\/wp\/v2\/users\/1"}],"replies":[{"embeddable":true,"href":"https:\/\/goldschmiede-kempen.de\/index.php?rest_route=%2Fwp%2Fv2%2Fcomments&post=2"}],"version-history":[{"count":22,"href":"https:\/\/goldschmiede-kempen.de\/index.php?rest_route=\/wp\/v2\/pages\/2\/revisions"}],"predecessor-version":[{"id":2551,"href":"https:\/\/goldschmiede-kempen.de\/index.php?rest_route=\/wp\/v2\/pages\/2\/revisions\/2551"}],"wp:attachment":[{"href":"https:\/\/goldschmiede-kempen.de\/index.php?rest_route=%2Fwp%2Fv2%2Fmedia&parent=2"}],"curies":[{"name":"wp","href":"https:\/\/api.w.org\/{rel}","templated":true}]}}