{"id":88,"date":"2018-09-06T09:51:54","date_gmt":"2018-09-06T09:51:54","guid":{"rendered":"https:\/\/goldschmiede-kem-u0vqclare3.live-website.com\/?page_id=88"},"modified":"2020-01-07T08:44:15","modified_gmt":"2020-01-07T08:44:15","slug":"das-goldschmiedehandwerk","status":"publish","type":"page","link":"https:\/\/goldschmiede-kempen.de\/?page_id=88","title":{"rendered":"Das Goldschmiedehandwerk"},"content":{"rendered":"<p>Ein au\u00dfergew\u00f6hnlicher Beruf, der sich durch viele Epochen hindurch nicht ver\u00e4ndert hat. So werden noch heute Techniken gelehrt und angewandt, die bereits die alten Griechen kannten.<\/p>\n<p>W\u00e4hrend der Ausbildung werden sowohl handwerkliche F\u00e4higkeiten, als auch naturwissenschaftliches Wissen vermittelt.<\/p>\n<p>Von Metallurgie, Technologie, der Edelsteinkunde, fachorientierte Chemie und Physik, bis hin zur Kunstgeschichte ist die 3 \u00bd j\u00e4hrige Ausbildungsphase voll ausgef\u00fcllt.<\/p>\n<p>Dieser Handwerksberuf ist daher sehr begehrt, leider sind jedoch Ausbildungspl\u00e4tze\u00a0 sehr rar. Viele junge Leute nutzen diese handwerkliche Lehre als Sprungbrett in Architektur- oder Designerstudieng\u00e4nge \u2013 nur wenige bleiben tats\u00e4chlich Goldschmied und arbeiten tagt\u00e4glich am Werktisch.<\/p>\n<p><em>Das Wort \u201eBeruf\u201c kommt eben von \u201eBerufung\u201c.<\/em><\/p>\n<p>Heute verarbeitet\u00a0 der Goldschmied fast alle g\u00e4ngigen Edel- und auch Nichtedelmetalle und kombiniert sie mit allen bekannten Edelsteinen oder sonstigen Werkstoffen wie Stoff, Holz und \u00c4hnlichem.<br \/>\nHier ist nun jene Kreativit\u00e4t gefragt, die letztendlich den individuellen Schmuck vom Massenprodukt der Industrie unterscheidet.<\/p>\n<p>Um ein optimales Ergebnis zu erzielen muss die Zusammenarbeit mit dem Kundensehr eng und exakt sein, um genau den Wunsch des Kunden auf den Skizzenblock zu bringen\u00a0 und sp\u00e4ter in der Werkstatt entstehen zu lassen.<\/p>\n<p>Schlie\u00dflich ist nichts schm\u00fcckender als ein Unikatschmuck mit ganz pers\u00f6nlichem Charakter !<\/p>\n","protected":false},"excerpt":{"rendered":"<p>Ein au\u00dfergew\u00f6hnlicher Beruf, der sich durch viele Epochen hindurch nicht ver\u00e4ndert hat. So werden noch heute Techniken gelehrt und angewandt, die bereits die alten Griechen kannten. W\u00e4hrend der Ausbildung werden sowohl handwerkliche F\u00e4higkeiten, als auch naturwissenschaftliches Wissen vermittelt. Von Metallurgie, Technologie, der Edelsteinkunde, fachorientierte Chemie und Physik, bis hin zur Kunstgeschichte ist die 3 \u00bd &hellip; <\/p>\n<p class=\"link-more\"><a href=\"https:\/\/goldschmiede-kempen.de\/?page_id=88\" class=\"more-link\"><span class=\"screen-reader-text\">\u201eDas Goldschmiedehandwerk\u201c<\/span> weiterlesen<\/a><\/p>\n","protected":false},"author":1,"featured_media":89,"parent":0,"menu_order":0,"comment_status":"closed","ping_status":"closed","template":"","meta":{"_monsterinsights_skip_tracking":false,"_monsterinsights_sitenote_active":false,"_monsterinsights_sitenote_note":"","_monsterinsights_sitenote_category":0,"footnotes":""},"class_list":["post-88","page","type-page","status-publish","has-post-thumbnail","hentry"],"_links":{"self":[{"href":"https:\/\/goldschmiede-kempen.de\/index.php?rest_route=\/wp\/v2\/pages\/88","targetHints":{"allow":["GET"]}}],"collection":[{"href":"https:\/\/goldschmiede-kempen.de\/index.php?rest_route=\/wp\/v2\/pages"}],"about":[{"href":"https:\/\/goldschmiede-kempen.de\/index.php?rest_route=\/wp\/v2\/types\/page"}],"author":[{"embeddable":true,"href":"https:\/\/goldschmiede-kempen.de\/index.php?rest_route=\/wp\/v2\/users\/1"}],"replies":[{"embeddable":true,"href":"https:\/\/goldschmiede-kempen.de\/index.php?rest_route=%2Fwp%2Fv2%2Fcomments&post=88"}],"version-history":[{"count":1,"href":"https:\/\/goldschmiede-kempen.de\/index.php?rest_route=\/wp\/v2\/pages\/88\/revisions"}],"predecessor-version":[{"id":90,"href":"https:\/\/goldschmiede-kempen.de\/index.php?rest_route=\/wp\/v2\/pages\/88\/revisions\/90"}],"wp:featuredmedia":[{"embeddable":true,"href":"https:\/\/goldschmiede-kempen.de\/index.php?rest_route=\/wp\/v2\/media\/89"}],"wp:attachment":[{"href":"https:\/\/goldschmiede-kempen.de\/index.php?rest_route=%2Fwp%2Fv2%2Fmedia&parent=88"}],"curies":[{"name":"wp","href":"https:\/\/api.w.org\/{rel}","templated":true}]}}