{"id":93,"date":"2018-09-06T09:56:17","date_gmt":"2018-09-06T09:56:17","guid":{"rendered":"https:\/\/goldschmiede-kem-u0vqclare3.live-website.com\/?page_id=93"},"modified":"2018-09-06T10:05:32","modified_gmt":"2018-09-06T10:05:32","slug":"besonderes","status":"publish","type":"page","link":"https:\/\/goldschmiede-kempen.de\/?page_id=93","title":{"rendered":"Besonderes"},"content":{"rendered":"<p>Sie hegen den Wunsch nach etwas Ausgefallenem ?<\/p>\n<p>Gerne stelle ich Ihnen eine Auswahl an hochwertigen Materialien wie Edelmetallen, sowie Edelsteinen und Perlen zur Verf\u00fcgung.<\/p>\n<p>Ich fahre regelm\u00e4\u00dfig zur Messe auf der Suche nach dem \u201eBesonderen\u201c\u2026..<\/p>\n<p>Mit Ihren Anregungen, meinen Fachkenntnissen und Geschick entsteht Ihr Unikat erst auf dem Skizzenblock und anschlie\u00dfend an meinem Werktisch.<\/p>\n<p><em>\u201eBeruf kommt von Berufung\u201c<\/em><\/p>\n","protected":false},"excerpt":{"rendered":"<p>Sie hegen den Wunsch nach etwas Ausgefallenem ? Gerne stelle ich Ihnen eine Auswahl an hochwertigen Materialien wie Edelmetallen, sowie Edelsteinen und Perlen zur Verf\u00fcgung. Ich fahre regelm\u00e4\u00dfig zur Messe auf der Suche nach dem \u201eBesonderen\u201c\u2026.. Mit Ihren Anregungen, meinen Fachkenntnissen und Geschick entsteht Ihr Unikat erst auf dem Skizzenblock und anschlie\u00dfend an meinem Werktisch. &hellip; <\/p>\n<p class=\"link-more\"><a href=\"https:\/\/goldschmiede-kempen.de\/?page_id=93\" class=\"more-link\"><span class=\"screen-reader-text\">\u201eBesonderes\u201c<\/span> weiterlesen<\/a><\/p>\n","protected":false},"author":1,"featured_media":97,"parent":0,"menu_order":0,"comment_status":"closed","ping_status":"closed","template":"","meta":{"_monsterinsights_skip_tracking":false,"_monsterinsights_sitenote_active":false,"_monsterinsights_sitenote_note":"","_monsterinsights_sitenote_category":0,"footnotes":""},"class_list":["post-93","page","type-page","status-publish","has-post-thumbnail","hentry"],"_links":{"self":[{"href":"https:\/\/goldschmiede-kempen.de\/index.php?rest_route=\/wp\/v2\/pages\/93","targetHints":{"allow":["GET"]}}],"collection":[{"href":"https:\/\/goldschmiede-kempen.de\/index.php?rest_route=\/wp\/v2\/pages"}],"about":[{"href":"https:\/\/goldschmiede-kempen.de\/index.php?rest_route=\/wp\/v2\/types\/page"}],"author":[{"embeddable":true,"href":"https:\/\/goldschmiede-kempen.de\/index.php?rest_route=\/wp\/v2\/users\/1"}],"replies":[{"embeddable":true,"href":"https:\/\/goldschmiede-kempen.de\/index.php?rest_route=%2Fwp%2Fv2%2Fcomments&post=93"}],"version-history":[{"count":1,"href":"https:\/\/goldschmiede-kempen.de\/index.php?rest_route=\/wp\/v2\/pages\/93\/revisions"}],"predecessor-version":[{"id":95,"href":"https:\/\/goldschmiede-kempen.de\/index.php?rest_route=\/wp\/v2\/pages\/93\/revisions\/95"}],"wp:featuredmedia":[{"embeddable":true,"href":"https:\/\/goldschmiede-kempen.de\/index.php?rest_route=\/wp\/v2\/media\/97"}],"wp:attachment":[{"href":"https:\/\/goldschmiede-kempen.de\/index.php?rest_route=%2Fwp%2Fv2%2Fmedia&parent=93"}],"curies":[{"name":"wp","href":"https:\/\/api.w.org\/{rel}","templated":true}]}}