{"id":98,"date":"2018-09-06T10:07:24","date_gmt":"2018-09-06T10:07:24","guid":{"rendered":"https:\/\/goldschmiede-kem-u0vqclare3.live-website.com\/?page_id=98"},"modified":"2018-09-06T10:07:24","modified_gmt":"2018-09-06T10:07:24","slug":"umarbeitungen-reparaturen","status":"publish","type":"page","link":"https:\/\/goldschmiede-kempen.de\/?page_id=98","title":{"rendered":"Umarbeitungen \/ Reparaturen"},"content":{"rendered":"<p>Einer meiner Fachbereiche ist die Neugestaltung formvollendeter Schmuckst\u00fccke auch unter Verwendung von altem Schmuck.<\/p>\n<p>Bringen Sie Ihre alten \u201eSch\u00e4tze\u201c einfach mit und gemeinsam entwerfen wir \u201eNeues\u201c mit besonderer Erinnerung.<\/p>\n<p>Oft reichen kleine Ver\u00e4nderungen um Altes und Unmodernes in neuem Glanz erscheinen zu lassen.<\/p>\n<p>Selbstverst\u00e4ndlich f\u00fchre ich auch s\u00e4mtliche Schmuckreparaturen\u00a0 und Gr\u00f6\u00dfen\u00e4nderungen fachm\u00e4nnisch aus.<\/p>\n<p>Sie m\u00f6chten Ihren Schmuck verkaufen ? Selbstverst\u00e4ndlich mache ich Ihnen ein faires und unverbindliches Angebot zum Tageskurs. Enthaltene Edelsteine werden ggf. mit angerechnet oder fachm\u00e4nnisch ausgefasst und wieder an Sie ausgeh\u00e4ndigt.<\/p>\n","protected":false},"excerpt":{"rendered":"<p>Einer meiner Fachbereiche ist die Neugestaltung formvollendeter Schmuckst\u00fccke auch unter Verwendung von altem Schmuck. Bringen Sie Ihre alten \u201eSch\u00e4tze\u201c einfach mit und gemeinsam entwerfen wir \u201eNeues\u201c mit besonderer Erinnerung. Oft reichen kleine Ver\u00e4nderungen um Altes und Unmodernes in neuem Glanz erscheinen zu lassen. Selbstverst\u00e4ndlich f\u00fchre ich auch s\u00e4mtliche Schmuckreparaturen\u00a0 und Gr\u00f6\u00dfen\u00e4nderungen fachm\u00e4nnisch aus. Sie m\u00f6chten &hellip; <\/p>\n<p class=\"link-more\"><a href=\"https:\/\/goldschmiede-kempen.de\/?page_id=98\" class=\"more-link\"><span class=\"screen-reader-text\">\u201eUmarbeitungen \/ Reparaturen\u201c<\/span> weiterlesen<\/a><\/p>\n","protected":false},"author":1,"featured_media":99,"parent":0,"menu_order":0,"comment_status":"closed","ping_status":"closed","template":"","meta":{"_monsterinsights_skip_tracking":false,"_monsterinsights_sitenote_active":false,"_monsterinsights_sitenote_note":"","_monsterinsights_sitenote_category":0,"footnotes":""},"class_list":["post-98","page","type-page","status-publish","has-post-thumbnail","hentry"],"_links":{"self":[{"href":"https:\/\/goldschmiede-kempen.de\/index.php?rest_route=\/wp\/v2\/pages\/98","targetHints":{"allow":["GET"]}}],"collection":[{"href":"https:\/\/goldschmiede-kempen.de\/index.php?rest_route=\/wp\/v2\/pages"}],"about":[{"href":"https:\/\/goldschmiede-kempen.de\/index.php?rest_route=\/wp\/v2\/types\/page"}],"author":[{"embeddable":true,"href":"https:\/\/goldschmiede-kempen.de\/index.php?rest_route=\/wp\/v2\/users\/1"}],"replies":[{"embeddable":true,"href":"https:\/\/goldschmiede-kempen.de\/index.php?rest_route=%2Fwp%2Fv2%2Fcomments&post=98"}],"version-history":[{"count":1,"href":"https:\/\/goldschmiede-kempen.de\/index.php?rest_route=\/wp\/v2\/pages\/98\/revisions"}],"predecessor-version":[{"id":100,"href":"https:\/\/goldschmiede-kempen.de\/index.php?rest_route=\/wp\/v2\/pages\/98\/revisions\/100"}],"wp:featuredmedia":[{"embeddable":true,"href":"https:\/\/goldschmiede-kempen.de\/index.php?rest_route=\/wp\/v2\/media\/99"}],"wp:attachment":[{"href":"https:\/\/goldschmiede-kempen.de\/index.php?rest_route=%2Fwp%2Fv2%2Fmedia&parent=98"}],"curies":[{"name":"wp","href":"https:\/\/api.w.org\/{rel}","templated":true}]}}